{"id":199,"date":"2025-10-21T08:45:49","date_gmt":"2025-10-21T08:45:49","guid":{"rendered":"https:\/\/aubebakehouse.vn\/?post_type=product&#038;p=199"},"modified":"2025-10-21T09:36:42","modified_gmt":"2025-10-21T09:36:42","slug":"banh-palmier","status":"publish","type":"product","link":"https:\/\/aubebakehouse.vn\/index.php\/product\/banh-palmier\/","title":{"rendered":"B\u00e1nh Palmier 150gr"},"content":{"rendered":"<p>B\u00e1nh Palmier c\u1ee7a Aube \u0111\u01b0\u1ee3c l\u00e0m t\u1eeb l\u1edbp b\u1ed9t ng\u00e0n l\u1edbp c\u00e1n m\u1ecfng, g\u1ea5p nhi\u1ec1u l\u1ea7n v\u1edbi b\u01a1 v\u00e0 r\u1eafc \u0111\u01b0\u1eddng tr\u01b0\u1edbc khi n\u01b0\u1edbng v\u00e0ng. Khi n\u01b0\u1edbng, \u0111\u01b0\u1eddng caramel h\u00f3a t\u1ea1o n\u00ean l\u1edbp v\u1ecf gi\u00f2n tan, xen ch\u00fat v\u1ecb b\u01a1 th\u01a1m ng\u1eady v\u00e0 ng\u1ecdt nh\u1eb9. H\u00ecnh d\u00e1ng tr\u00e1i tim \u0111\u1eb7c tr\u01b0ng c\u00f9ng k\u1ebft c\u1ea5u gi\u00f2n x\u1ed1p khi\u1ebfn Palmier tr\u1edf th\u00e0nh m\u00f3n b\u00e1nh \u0111\u01a1n gi\u1ea3n m\u00e0 tinh t\u1ebf.<\/p>\n<p>Aube\u2019s Palmier is made from delicate puff pastry layers folded with butter and sprinkled with sugar before being baked to golden perfection. As it bakes, the sugar caramelizes, giving the pastry its crisp, flaky texture and gentle buttery sweetness. With its signature heart shape, this classic treat is simple yet elegantly refined.<\/p>\n","protected":false},"excerpt":{"rendered":"<p>Order Phone: 0979891591<\/p>\n","protected":false},"featured_media":200,"comment_status":"open","ping_status":"closed","template":"","meta":[],"product_brand":[],"product_cat":[25],"product_tag":[],"class_list":{"0":"post-199","1":"product","2":"type-product","3":"status-publish","4":"has-post-thumbnail","6":"product_cat-banh-ngot","8":"first","9":"instock","10":"shipping-taxable","11":"purchasable","12":"product-type-simple"},"_links":{"self":[{"href":"https:\/\/aubebakehouse.vn\/index.php\/wp-json\/wp\/v2\/product\/199","targetHints":{"allow":["GET"]}}],"collection":[{"href":"https:\/\/aubebakehouse.vn\/index.php\/wp-json\/wp\/v2\/product"}],"about":[{"href":"https:\/\/aubebakehouse.vn\/index.php\/wp-json\/wp\/v2\/types\/product"}],"replies":[{"embeddable":true,"href":"https:\/\/aubebakehouse.vn\/index.php\/wp-json\/wp\/v2\/comments?post=199"}],"wp:featuredmedia":[{"embeddable":true,"href":"https:\/\/aubebakehouse.vn\/index.php\/wp-json\/wp\/v2\/media\/200"}],"wp:attachment":[{"href":"https:\/\/aubebakehouse.vn\/index.php\/wp-json\/wp\/v2\/media?parent=199"}],"wp:term":[{"taxonomy":"product_brand","embeddable":true,"href":"https:\/\/aubebakehouse.vn\/index.php\/wp-json\/wp\/v2\/product_brand?post=199"},{"taxonomy":"product_cat","embeddable":true,"href":"https:\/\/aubebakehouse.vn\/index.php\/wp-json\/wp\/v2\/product_cat?post=199"},{"taxonomy":"product_tag","embeddable":true,"href":"https:\/\/aubebakehouse.vn\/index.php\/wp-json\/wp\/v2\/product_tag?post=199"}],"curies":[{"name":"wp","href":"https:\/\/api.w.org\/{rel}","templated":true}]}}