{"id":197,"date":"2025-10-21T08:42:28","date_gmt":"2025-10-21T08:42:28","guid":{"rendered":"https:\/\/aubebakehouse.vn\/?post_type=product&#038;p=197"},"modified":"2025-10-21T08:42:28","modified_gmt":"2025-10-21T08:42:28","slug":"banh-su-kem-hinh-meo","status":"publish","type":"product","link":"https:\/\/aubebakehouse.vn\/index.php\/product\/banh-su-kem-hinh-meo\/","title":{"rendered":"B\u00e1nh su kem h\u00ecnh m\u00e8o"},"content":{"rendered":"<p>B\u00e1nh su kem h\u00ecnh m\u00e8o l\u00e0 m\u1ed9t trong nh\u1eefng m\u00f3n \u0111\u1eb7c tr\u01b0ng c\u1ee7a Aube. V\u1ecf su v\u00e0ng nh\u1eb9, gi\u00f2n m\u1ecfng \u00f4m l\u1ea5y ph\u1ea7n nh\u00e2n kem m\u00e1t m\u1ecbn, b\u00e9o v\u1eeba ph\u1ea3i. H\u00ecnh d\u00e1ng ch\u00fa m\u00e8o nh\u1ecf \u0111\u01b0\u1ee3c t\u1ea1o th\u1ee7 c\u00f4ng, mang n\u00e9t \u0111\u00e1ng y\u00eau v\u00e0 tinh t\u1ebf \u2014 m\u1ed9t chi\u1ebfc b\u00e1nh nh\u1ecf nh\u01b0ng ch\u1ee9a tr\u1ecdn s\u1ef1 t\u1ec9 m\u1ec9 v\u00e0 vui t\u01b0\u01a1i trong phong c\u00e1ch c\u1ee7a Aube.<\/p>\n<p>Aube\u2019s signature Cat-Shaped Cream Puff features a light, crisp choux shell filled with smooth, gently sweet cream. Each piece is handcrafted into a charming cat shape \u2014 playful, delicate, and full of character, just like the spirit of Aube.<\/p>\n","protected":false},"excerpt":{"rendered":"<p>Order Phone: 0979891591<\/p>\n","protected":false},"featured_media":198,"comment_status":"open","ping_status":"closed","template":"","meta":[],"product_brand":[],"product_cat":[25],"product_tag":[],"class_list":{"0":"post-197","1":"product","2":"type-product","3":"status-publish","4":"has-post-thumbnail","6":"product_cat-banh-ngot","8":"first","9":"instock","10":"shipping-taxable","11":"purchasable","12":"product-type-simple"},"_links":{"self":[{"href":"https:\/\/aubebakehouse.vn\/index.php\/wp-json\/wp\/v2\/product\/197","targetHints":{"allow":["GET"]}}],"collection":[{"href":"https:\/\/aubebakehouse.vn\/index.php\/wp-json\/wp\/v2\/product"}],"about":[{"href":"https:\/\/aubebakehouse.vn\/index.php\/wp-json\/wp\/v2\/types\/product"}],"replies":[{"embeddable":true,"href":"https:\/\/aubebakehouse.vn\/index.php\/wp-json\/wp\/v2\/comments?post=197"}],"wp:featuredmedia":[{"embeddable":true,"href":"https:\/\/aubebakehouse.vn\/index.php\/wp-json\/wp\/v2\/media\/198"}],"wp:attachment":[{"href":"https:\/\/aubebakehouse.vn\/index.php\/wp-json\/wp\/v2\/media?parent=197"}],"wp:term":[{"taxonomy":"product_brand","embeddable":true,"href":"https:\/\/aubebakehouse.vn\/index.php\/wp-json\/wp\/v2\/product_brand?post=197"},{"taxonomy":"product_cat","embeddable":true,"href":"https:\/\/aubebakehouse.vn\/index.php\/wp-json\/wp\/v2\/product_cat?post=197"},{"taxonomy":"product_tag","embeddable":true,"href":"https:\/\/aubebakehouse.vn\/index.php\/wp-json\/wp\/v2\/product_tag?post=197"}],"curies":[{"name":"wp","href":"https:\/\/api.w.org\/{rel}","templated":true}]}}