{"id":195,"date":"2025-10-21T08:39:02","date_gmt":"2025-10-21T08:39:02","guid":{"rendered":"https:\/\/aubebakehouse.vn\/?post_type=product&#038;p=195"},"modified":"2025-10-21T08:39:03","modified_gmt":"2025-10-21T08:39:03","slug":"banh-ngoi-hanh-nhan-150gr","status":"publish","type":"product","link":"https:\/\/aubebakehouse.vn\/index.php\/product\/banh-ngoi-hanh-nhan-150gr\/","title":{"rendered":"B\u00e1nh ng\u00f3i h\u1ea1nh nh\u00e2n 150gr"},"content":{"rendered":"<p>B\u00e1nh ng\u00f3i h\u1ea1nh nh\u00e2n c\u1ee7a Aube \u0111\u01b0\u1ee3c n\u01b0\u1edbng m\u1ecfng gi\u00f2n, ph\u1ee7 \u0111\u1ea7y h\u1ea1nh nh\u00e2n l\u00e1t v\u00e0ng ru\u1ed9m. Khi c\u1eafn v\u00e0o, b\u00e1nh v\u1ee1 tan nh\u1eb9, lan ra v\u1ecb b\u00f9i b\u00e9o v\u00e0 h\u01b0\u01a1ng th\u01a1m h\u1ea1nh nh\u00e2n th\u01a1m d\u1ecbu. M\u1ed7i chi\u1ebfc b\u00e1nh nh\u1ecf nh\u01b0ng tr\u1ecdn v\u1eb9n h\u01b0\u01a1ng v\u1ecb, th\u00edch h\u1ee3p \u0111\u1ec3 nh\u00e2m nhi c\u00f9ng tr\u00e0 ho\u1eb7c l\u00e0m m\u00f3n qu\u00e0 tinh t\u1ebf.<\/p>\n<p>Almond Tuile Cookies are thin, crisp, and generously topped with toasted almond slices. Each bite delivers a delicate crunch with a rich, buttery aroma and nutty sweetness. Elegant and light, they\u2019re perfect for pairing with tea or gifting with grace.<\/p>\n","protected":false},"excerpt":{"rendered":"<p>Order Phone: 0979891591<\/p>\n","protected":false},"featured_media":196,"comment_status":"open","ping_status":"closed","template":"","meta":[],"product_brand":[],"product_cat":[25],"product_tag":[],"class_list":{"0":"post-195","1":"product","2":"type-product","3":"status-publish","4":"has-post-thumbnail","6":"product_cat-banh-ngot","8":"first","9":"instock","10":"shipping-taxable","11":"purchasable","12":"product-type-simple"},"_links":{"self":[{"href":"https:\/\/aubebakehouse.vn\/index.php\/wp-json\/wp\/v2\/product\/195","targetHints":{"allow":["GET"]}}],"collection":[{"href":"https:\/\/aubebakehouse.vn\/index.php\/wp-json\/wp\/v2\/product"}],"about":[{"href":"https:\/\/aubebakehouse.vn\/index.php\/wp-json\/wp\/v2\/types\/product"}],"replies":[{"embeddable":true,"href":"https:\/\/aubebakehouse.vn\/index.php\/wp-json\/wp\/v2\/comments?post=195"}],"wp:featuredmedia":[{"embeddable":true,"href":"https:\/\/aubebakehouse.vn\/index.php\/wp-json\/wp\/v2\/media\/196"}],"wp:attachment":[{"href":"https:\/\/aubebakehouse.vn\/index.php\/wp-json\/wp\/v2\/media?parent=195"}],"wp:term":[{"taxonomy":"product_brand","embeddable":true,"href":"https:\/\/aubebakehouse.vn\/index.php\/wp-json\/wp\/v2\/product_brand?post=195"},{"taxonomy":"product_cat","embeddable":true,"href":"https:\/\/aubebakehouse.vn\/index.php\/wp-json\/wp\/v2\/product_cat?post=195"},{"taxonomy":"product_tag","embeddable":true,"href":"https:\/\/aubebakehouse.vn\/index.php\/wp-json\/wp\/v2\/product_tag?post=195"}],"curies":[{"name":"wp","href":"https:\/\/api.w.org\/{rel}","templated":true}]}}