{"id":189,"date":"2025-10-20T17:43:42","date_gmt":"2025-10-20T17:43:42","guid":{"rendered":"https:\/\/aubebakehouse.vn\/?post_type=product&#038;p=189"},"modified":"2025-10-21T09:50:29","modified_gmt":"2025-10-21T09:50:29","slug":"tiramisu","status":"publish","type":"product","link":"https:\/\/aubebakehouse.vn\/index.php\/product\/tiramisu\/","title":{"rendered":"Tiramisu (16 cm)"},"content":{"rendered":"<p>Tiramisu c\u1ee7a Aube gi\u1eef \u0111\u00fang tinh th\u1ea7n c\u1ed5 \u0111i\u1ec3n c\u1ee7a m\u00f3n tr\u00e1ng mi\u1ec7ng \u00dd: l\u1edbp kem mascarpone b\u00e9o nh\u1eb9, xen k\u1ebd c\u1ed1t b\u00e1nh ladyfinger th\u1ea5m \u0111\u1ec1u c\u00e0 ph\u00ea v\u00e0 r\u01b0\u1ee3u bailey. H\u01b0\u01a1ng v\u1ecb h\u00e0i h\u00f2a gi\u1eefa v\u1ecb \u0111\u1eafng c\u1ee7a c\u00e0 ph\u00ea, b\u00e9o c\u1ee7a kem v\u00e0 ch\u00fat n\u1ed3ng nh\u1eb9 c\u1ee7a r\u01b0\u1ee3u mang \u0111\u1ebfn c\u1ea3m gi\u00e1c tinh t\u1ebf m\u00e0 kh\u00f4ng ng\u1ea5y. L\u00e0 l\u1ef1a ch\u1ecdn ho\u00e0n h\u1ea3o cho nh\u1eefng ai y\u00eau th\u00edch b\u00e1nh nh\u1eb9, th\u01a1m v\u00e0 c\u00e2n b\u1eb1ng.<\/p>\n<p>Aube\u2019s Tiramisu stays true to the classic Italian dessert \u2014 layers of soft ladyfingers soaked in coffee and bailey, paired with smooth mascarpone cream. The balance of coffee bitterness, creamy richness, and subtle liquor warmth creates a refined flavor that\u2019s indulgent yet light. Perfect for those who enjoy elegance in every bite.<\/p>\n","protected":false},"excerpt":{"rendered":"<p>Order Phone: 0979891591<\/p>\n","protected":false},"featured_media":190,"comment_status":"open","ping_status":"closed","template":"","meta":[],"product_brand":[],"product_cat":[26],"product_tag":[],"class_list":{"0":"post-189","1":"product","2":"type-product","3":"status-publish","4":"has-post-thumbnail","6":"product_cat-banh-sinh-nhat","8":"first","9":"instock","10":"shipping-taxable","11":"purchasable","12":"product-type-simple"},"_links":{"self":[{"href":"https:\/\/aubebakehouse.vn\/index.php\/wp-json\/wp\/v2\/product\/189","targetHints":{"allow":["GET"]}}],"collection":[{"href":"https:\/\/aubebakehouse.vn\/index.php\/wp-json\/wp\/v2\/product"}],"about":[{"href":"https:\/\/aubebakehouse.vn\/index.php\/wp-json\/wp\/v2\/types\/product"}],"replies":[{"embeddable":true,"href":"https:\/\/aubebakehouse.vn\/index.php\/wp-json\/wp\/v2\/comments?post=189"}],"wp:featuredmedia":[{"embeddable":true,"href":"https:\/\/aubebakehouse.vn\/index.php\/wp-json\/wp\/v2\/media\/190"}],"wp:attachment":[{"href":"https:\/\/aubebakehouse.vn\/index.php\/wp-json\/wp\/v2\/media?parent=189"}],"wp:term":[{"taxonomy":"product_brand","embeddable":true,"href":"https:\/\/aubebakehouse.vn\/index.php\/wp-json\/wp\/v2\/product_brand?post=189"},{"taxonomy":"product_cat","embeddable":true,"href":"https:\/\/aubebakehouse.vn\/index.php\/wp-json\/wp\/v2\/product_cat?post=189"},{"taxonomy":"product_tag","embeddable":true,"href":"https:\/\/aubebakehouse.vn\/index.php\/wp-json\/wp\/v2\/product_tag?post=189"}],"curies":[{"name":"wp","href":"https:\/\/api.w.org\/{rel}","templated":true}]}}