{"id":187,"date":"2025-10-20T17:40:13","date_gmt":"2025-10-20T17:40:13","guid":{"rendered":"https:\/\/aubebakehouse.vn\/?post_type=product&#038;p=187"},"modified":"2025-10-21T09:50:56","modified_gmt":"2025-10-21T09:50:56","slug":"banh-flan-gato-nguyen-o","status":"publish","type":"product","link":"https:\/\/aubebakehouse.vn\/index.php\/product\/banh-flan-gato-nguyen-o\/","title":{"rendered":"B\u00e1nh Flan Gato nguy\u00ean \u1ed5 (16 cm)"},"content":{"rendered":"<p>B\u00e1nh Flan Gato nguy\u00ean \u1ed5 c\u1ee7a Aube l\u00e0 s\u1ef1 k\u1ebft h\u1ee3p gi\u1eefa l\u1edbp flan m\u1ec1m m\u1ecbn, th\u01a1m v\u1ecb caramel nh\u1eb9 v\u00e0 ph\u1ea7n c\u1ed1t b\u00e1nh gato b\u00f4ng x\u1ed1p b\u00ean d\u01b0\u1edbi. H\u01b0\u01a1ng v\u1ecb b\u00e9o nh\u1eb9, ng\u1ecdt d\u1ecbu, xen ch\u00fat \u0111\u0103ng \u0111\u1eafng c\u1ee7a caramel t\u1ea1o n\u00ean t\u1ed5ng th\u1ec3 h\u00e0i h\u00f2a v\u00e0 d\u1ec5 \u0103n. Ki\u1ec3u b\u00e1nh n\u00e0y \u0111\u1eb7c bi\u1ec7t \u0111\u01b0\u1ee3c \u01b0a chu\u1ed9ng cho sinh nh\u1eadt nh\u1edd c\u1ea3m gi\u00e1c m\u00e1t nh\u1eb9, kh\u00f4ng ng\u00e1n v\u00e0 ph\u00f9 h\u1ee3p v\u1edbi nhi\u1ec1u \u0111\u1ed9 tu\u1ed5i.<\/p>\n<p>Flan Gato Cake combines a silky caramel flan layer with a soft, fluffy sponge base. The gentle sweetness and light caramel bitterness create a balanced, comforting flavor. Its smooth and refreshing texture makes it a favorite choice for birthdays \u2014 indulgent yet pleasantly light.<\/p>\n","protected":false},"excerpt":{"rendered":"<p>Order Phone: 0979891591<\/p>\n","protected":false},"featured_media":188,"comment_status":"open","ping_status":"closed","template":"","meta":[],"product_brand":[],"product_cat":[26],"product_tag":[],"class_list":{"0":"post-187","1":"product","2":"type-product","3":"status-publish","4":"has-post-thumbnail","6":"product_cat-banh-sinh-nhat","8":"first","9":"instock","10":"shipping-taxable","11":"purchasable","12":"product-type-simple"},"_links":{"self":[{"href":"https:\/\/aubebakehouse.vn\/index.php\/wp-json\/wp\/v2\/product\/187","targetHints":{"allow":["GET"]}}],"collection":[{"href":"https:\/\/aubebakehouse.vn\/index.php\/wp-json\/wp\/v2\/product"}],"about":[{"href":"https:\/\/aubebakehouse.vn\/index.php\/wp-json\/wp\/v2\/types\/product"}],"replies":[{"embeddable":true,"href":"https:\/\/aubebakehouse.vn\/index.php\/wp-json\/wp\/v2\/comments?post=187"}],"wp:featuredmedia":[{"embeddable":true,"href":"https:\/\/aubebakehouse.vn\/index.php\/wp-json\/wp\/v2\/media\/188"}],"wp:attachment":[{"href":"https:\/\/aubebakehouse.vn\/index.php\/wp-json\/wp\/v2\/media?parent=187"}],"wp:term":[{"taxonomy":"product_brand","embeddable":true,"href":"https:\/\/aubebakehouse.vn\/index.php\/wp-json\/wp\/v2\/product_brand?post=187"},{"taxonomy":"product_cat","embeddable":true,"href":"https:\/\/aubebakehouse.vn\/index.php\/wp-json\/wp\/v2\/product_cat?post=187"},{"taxonomy":"product_tag","embeddable":true,"href":"https:\/\/aubebakehouse.vn\/index.php\/wp-json\/wp\/v2\/product_tag?post=187"}],"curies":[{"name":"wp","href":"https:\/\/api.w.org\/{rel}","templated":true}]}}