{"id":185,"date":"2025-10-20T17:36:18","date_gmt":"2025-10-20T17:36:18","guid":{"rendered":"https:\/\/aubebakehouse.vn\/?post_type=product&#038;p=185"},"modified":"2025-10-21T09:48:52","modified_gmt":"2025-10-21T09:48:52","slug":"banh-new-york-cheesecake-nguyen-o","status":"publish","type":"product","link":"https:\/\/aubebakehouse.vn\/index.php\/product\/banh-new-york-cheesecake-nguyen-o\/","title":{"rendered":"B\u00e1nh New York Cheesecake nguy\u00ean \u1ed5 (16 cm)"},"content":{"rendered":"<p>B\u00e1nh New York Cheesecake nguy\u00ean \u1ed5 c\u1ee7a Aube c\u00f3 k\u1ebft c\u1ea5u \u0111\u1eb7c h\u01a1n v\u00e0 v\u1ecb ph\u00f4 mai r\u00f5 n\u00e9t h\u01a1n so v\u1edbi Burnt Cheesecake. N\u1ebfu Burnt Cheesecake c\u00f3 l\u1edbp m\u1eb7t ch\u00e1y caramel nh\u1eb9 v\u00e0 ph\u1ea7n ru\u1ed9t m\u1ec1m tan, th\u00ec New York Cheesecake l\u1ea1i m\u1ecbn \u0111\u1eb7c, b\u00e9o ng\u1eady nh\u01b0ng v\u1eabn gi\u1eef \u0111\u01b0\u1ee3c \u0111\u1ed9 \u1ea9m v\u1eeba ph\u1ea3i. B\u00e1nh \u0111\u01b0\u1ee3c trang tr\u00ed b\u1eb1ng tr\u00e1i c\u00e2y t\u01b0\u01a1i \u0111\u1ec3 c\u00e2n b\u1eb1ng v\u1ecb b\u00e9o, t\u1ea1o c\u1ea3m gi\u00e1c d\u1ec5 ch\u1ecbu khi th\u01b0\u1edfng th\u1ee9c. V\u1edbi v\u1ebb ngo\u00e0i t\u1ed1i gi\u1ea3n nh\u01b0ng tinh t\u1ebf, \u0111\u00e2y l\u00e0 l\u1ef1a ch\u1ecdn ho\u00e0n h\u1ea3o cho nh\u1eefng bu\u1ed5i sinh nh\u1eadt y\u00eau th\u00edch phong c\u00e1ch c\u1ed5 \u0111i\u1ec3n.<\/p>\n<p>New York Cheesecake has a denser texture and a more pronounced cream cheese flavor than the Burnt Cheesecake. While the Burnt version features a caramelized top and custard-like center, the New York style is rich, smooth, and firm with a gentle creaminess. Fresh fruits are used for decoration to balance the richness, keeping the cake elegant yet light. A timeless choice for classic birthday celebrations.<\/p>\n","protected":false},"excerpt":{"rendered":"<p>Order Phone: 0979891591<\/p>\n","protected":false},"featured_media":186,"comment_status":"open","ping_status":"closed","template":"","meta":[],"product_brand":[],"product_cat":[26],"product_tag":[],"class_list":{"0":"post-185","1":"product","2":"type-product","3":"status-publish","4":"has-post-thumbnail","6":"product_cat-banh-sinh-nhat","8":"first","9":"instock","10":"shipping-taxable","11":"purchasable","12":"product-type-simple"},"_links":{"self":[{"href":"https:\/\/aubebakehouse.vn\/index.php\/wp-json\/wp\/v2\/product\/185","targetHints":{"allow":["GET"]}}],"collection":[{"href":"https:\/\/aubebakehouse.vn\/index.php\/wp-json\/wp\/v2\/product"}],"about":[{"href":"https:\/\/aubebakehouse.vn\/index.php\/wp-json\/wp\/v2\/types\/product"}],"replies":[{"embeddable":true,"href":"https:\/\/aubebakehouse.vn\/index.php\/wp-json\/wp\/v2\/comments?post=185"}],"wp:featuredmedia":[{"embeddable":true,"href":"https:\/\/aubebakehouse.vn\/index.php\/wp-json\/wp\/v2\/media\/186"}],"wp:attachment":[{"href":"https:\/\/aubebakehouse.vn\/index.php\/wp-json\/wp\/v2\/media?parent=185"}],"wp:term":[{"taxonomy":"product_brand","embeddable":true,"href":"https:\/\/aubebakehouse.vn\/index.php\/wp-json\/wp\/v2\/product_brand?post=185"},{"taxonomy":"product_cat","embeddable":true,"href":"https:\/\/aubebakehouse.vn\/index.php\/wp-json\/wp\/v2\/product_cat?post=185"},{"taxonomy":"product_tag","embeddable":true,"href":"https:\/\/aubebakehouse.vn\/index.php\/wp-json\/wp\/v2\/product_tag?post=185"}],"curies":[{"name":"wp","href":"https:\/\/api.w.org\/{rel}","templated":true}]}}