{"id":183,"date":"2025-10-20T17:32:34","date_gmt":"2025-10-20T17:32:34","guid":{"rendered":"https:\/\/aubebakehouse.vn\/?post_type=product&#038;p=183"},"modified":"2025-10-21T09:48:25","modified_gmt":"2025-10-21T09:48:25","slug":"banh-burnt-cheesecake-nguyen-o","status":"publish","type":"product","link":"https:\/\/aubebakehouse.vn\/index.php\/product\/banh-burnt-cheesecake-nguyen-o\/","title":{"rendered":"B\u00e1nh Burnt Cheesecake nguy\u00ean \u1ed5 (18 cm)"},"content":{"rendered":"<p>B\u00e1nh Burnt Cheesecake nguy\u00ean \u1ed5 c\u1ee7a Aube \u0111\u01b0\u1ee3c trang tr\u00ed b\u1eb1ng tr\u00e1i c\u00e2y t\u01b0\u01a1i \u0111\u1ec3 c\u00e2n b\u1eb1ng v\u1ecb b\u00e9o \u0111\u1eb7c tr\u01b0ng c\u1ee7a ph\u00f4 mai n\u01b0\u1edbng. L\u1edbp b\u00e1nh m\u1ecbn m\u01b0\u1ee3t, th\u01a1m nh\u1eb9, h\u00f2a c\u00f9ng v\u1ecb chua thanh c\u1ee7a tr\u00e1i c\u00e2y gi\u00fap t\u1ed5ng th\u1ec3 tr\u1edf n\u00ean h\u00e0i h\u00f2a v\u00e0 d\u1ec5 ch\u1ecbu. D\u00f9 mang v\u1ebb ngo\u00e0i \u0111\u01a1n gi\u1ea3n, chi\u1ebfc b\u00e1nh v\u1eabn gi\u1eef \u0111\u01b0\u1ee3c s\u1ef1 tinh t\u1ebf v\u00e0 sang tr\u1ecdng, ph\u00f9 h\u1ee3p cho nh\u1eefng bu\u1ed5i sinh nh\u1eadt nh\u1eb9 nh\u00e0ng, \u1ea5m c\u00fang.<\/p>\n<p>Aube\u2019s Whole Burnt Cheesecake is topped with fresh fruits to balance the richness of baked cream cheese. Its smooth texture and gentle sweetness pair beautifully with the tart, refreshing notes of the fruit. Simple in appearance yet refined, it makes an elegant and satisfying choice for intimate birthday celebrations.<\/p>\n","protected":false},"excerpt":{"rendered":"<p>Order Phone: 0979891591<\/p>\n","protected":false},"featured_media":184,"comment_status":"open","ping_status":"closed","template":"","meta":[],"product_brand":[],"product_cat":[26],"product_tag":[],"class_list":{"0":"post-183","1":"product","2":"type-product","3":"status-publish","4":"has-post-thumbnail","6":"product_cat-banh-sinh-nhat","8":"first","9":"instock","10":"shipping-taxable","11":"purchasable","12":"product-type-simple"},"_links":{"self":[{"href":"https:\/\/aubebakehouse.vn\/index.php\/wp-json\/wp\/v2\/product\/183","targetHints":{"allow":["GET"]}}],"collection":[{"href":"https:\/\/aubebakehouse.vn\/index.php\/wp-json\/wp\/v2\/product"}],"about":[{"href":"https:\/\/aubebakehouse.vn\/index.php\/wp-json\/wp\/v2\/types\/product"}],"replies":[{"embeddable":true,"href":"https:\/\/aubebakehouse.vn\/index.php\/wp-json\/wp\/v2\/comments?post=183"}],"wp:featuredmedia":[{"embeddable":true,"href":"https:\/\/aubebakehouse.vn\/index.php\/wp-json\/wp\/v2\/media\/184"}],"wp:attachment":[{"href":"https:\/\/aubebakehouse.vn\/index.php\/wp-json\/wp\/v2\/media?parent=183"}],"wp:term":[{"taxonomy":"product_brand","embeddable":true,"href":"https:\/\/aubebakehouse.vn\/index.php\/wp-json\/wp\/v2\/product_brand?post=183"},{"taxonomy":"product_cat","embeddable":true,"href":"https:\/\/aubebakehouse.vn\/index.php\/wp-json\/wp\/v2\/product_cat?post=183"},{"taxonomy":"product_tag","embeddable":true,"href":"https:\/\/aubebakehouse.vn\/index.php\/wp-json\/wp\/v2\/product_tag?post=183"}],"curies":[{"name":"wp","href":"https:\/\/api.w.org\/{rel}","templated":true}]}}