{"id":181,"date":"2025-10-20T17:26:01","date_gmt":"2025-10-20T17:26:01","guid":{"rendered":"https:\/\/aubebakehouse.vn\/?post_type=product&#038;p=181"},"modified":"2025-10-21T09:49:28","modified_gmt":"2025-10-21T09:49:28","slug":"banh-mousse-chanh-day-nguyen-o","status":"publish","type":"product","link":"https:\/\/aubebakehouse.vn\/index.php\/product\/banh-mousse-chanh-day-nguyen-o\/","title":{"rendered":"B\u00e1nh mousse chanh d\u00e2y nguy\u00ean \u1ed5 (16 cm)"},"content":{"rendered":"<p>B\u00e1nh mousse chanh d\u00e2y nguy\u00ean \u1ed5 c\u1ee7a Aube l\u00e0 l\u1ef1a ch\u1ecdn nh\u1eb9 nh\u00e0ng v\u00e0 thanh m\u00e1t cho nh\u1eefng d\u1ecbp sinh nh\u1eadt. L\u1edbp mousse m\u1ecbn m\u01b0\u1ee3t, v\u1ecb chua ng\u1ecdt h\u00e0i h\u00f2a t\u1eeb chanh d\u00e2y t\u01b0\u01a1i, xen k\u1ebd l\u1edbp c\u1ed1t b\u00e1nh m\u1ec1m nh\u1eb9, t\u1ea1o n\u00ean t\u1ed5ng th\u1ec3 c\u00e2n b\u1eb1ng v\u00e0 tinh t\u1ebf. H\u01b0\u01a1ng v\u1ecb nhi\u1ec7t \u0111\u1edbi \u0111\u1eb7c tr\u01b0ng gi\u00fap chi\u1ebfc b\u00e1nh v\u1eeba sang tr\u1ecdng v\u1eeba d\u1ec5 \u0103n, ph\u00f9 h\u1ee3p cho c\u1ea3 tr\u1ebb nh\u1ecf l\u1eabn ng\u01b0\u1eddi l\u1edbn.<\/p>\n<p>Passion Fruit Mousse Cake is a refreshing and elegant choice for birthdays. Smooth and airy mousse layers blend the perfect balance of sweet and tangy passion fruit, resting on soft sponge cake. Its bright tropical flavor and light texture make it delightful for both adults and children.<\/p>\n","protected":false},"excerpt":{"rendered":"<p>Order Phone: 0979891591<\/p>\n","protected":false},"featured_media":182,"comment_status":"open","ping_status":"closed","template":"","meta":[],"product_brand":[],"product_cat":[26],"product_tag":[],"class_list":{"0":"post-181","1":"product","2":"type-product","3":"status-publish","4":"has-post-thumbnail","6":"product_cat-banh-sinh-nhat","8":"first","9":"instock","10":"shipping-taxable","11":"purchasable","12":"product-type-simple"},"_links":{"self":[{"href":"https:\/\/aubebakehouse.vn\/index.php\/wp-json\/wp\/v2\/product\/181","targetHints":{"allow":["GET"]}}],"collection":[{"href":"https:\/\/aubebakehouse.vn\/index.php\/wp-json\/wp\/v2\/product"}],"about":[{"href":"https:\/\/aubebakehouse.vn\/index.php\/wp-json\/wp\/v2\/types\/product"}],"replies":[{"embeddable":true,"href":"https:\/\/aubebakehouse.vn\/index.php\/wp-json\/wp\/v2\/comments?post=181"}],"wp:featuredmedia":[{"embeddable":true,"href":"https:\/\/aubebakehouse.vn\/index.php\/wp-json\/wp\/v2\/media\/182"}],"wp:attachment":[{"href":"https:\/\/aubebakehouse.vn\/index.php\/wp-json\/wp\/v2\/media?parent=181"}],"wp:term":[{"taxonomy":"product_brand","embeddable":true,"href":"https:\/\/aubebakehouse.vn\/index.php\/wp-json\/wp\/v2\/product_brand?post=181"},{"taxonomy":"product_cat","embeddable":true,"href":"https:\/\/aubebakehouse.vn\/index.php\/wp-json\/wp\/v2\/product_cat?post=181"},{"taxonomy":"product_tag","embeddable":true,"href":"https:\/\/aubebakehouse.vn\/index.php\/wp-json\/wp\/v2\/product_tag?post=181"}],"curies":[{"name":"wp","href":"https:\/\/api.w.org\/{rel}","templated":true}]}}