{"id":168,"date":"2025-10-20T07:54:05","date_gmt":"2025-10-20T07:54:05","guid":{"rendered":"https:\/\/aubebakehouse.vn\/?post_type=product&#038;p=168"},"modified":"2025-10-20T07:54:05","modified_gmt":"2025-10-20T07:54:05","slug":"brownie","status":"publish","type":"product","link":"https:\/\/aubebakehouse.vn\/index.php\/product\/brownie\/","title":{"rendered":"Brownie"},"content":{"rendered":"<p>Brownie c\u1ee7a Aube s\u1eed d\u1ee5ng t\u1ec9 l\u1ec7 chocolate nguy\u00ean ch\u1ea5t cao, mang \u0111\u1ebfn v\u1ecb \u0111\u1eadm \u0111\u00e0 v\u00e0 h\u01b0\u01a1ng th\u01a1m s\u00e2u. B\u00e1nh \u0111\u01b0\u1ee3c n\u01b0\u1edbng d\u00e0y \u0111\u1ec3 gi\u1eef k\u1ebft c\u1ea5u b\u00ean trong m\u1ec1m \u1ea9m, d\u1ebbo dai, h\u00f2a c\u00f9ng h\u1ea1t \u00f3c ch\u00f3 gi\u00f2n b\u00f9i t\u1ea1o n\u00ean h\u01b0\u01a1ng v\u1ecb c\u00e2n b\u1eb1ng v\u00e0 tr\u00f2n \u0111\u1ea7y.<\/p>\n<p>Aube\u2019s Brownie is made with a high ratio of pure chocolate for a rich, intense flavor. Its thick bake keeps the center moist and chewy, while crunchy walnuts add a nutty aroma and balanced texture.<\/p>\n","protected":false},"excerpt":{"rendered":"<p>Order Phone: 0979891591<\/p>\n","protected":false},"featured_media":169,"comment_status":"open","ping_status":"closed","template":"","meta":[],"product_brand":[],"product_cat":[25],"product_tag":[],"class_list":{"0":"post-168","1":"product","2":"type-product","3":"status-publish","4":"has-post-thumbnail","6":"product_cat-banh-ngot","8":"first","9":"instock","10":"shipping-taxable","11":"purchasable","12":"product-type-simple"},"_links":{"self":[{"href":"https:\/\/aubebakehouse.vn\/index.php\/wp-json\/wp\/v2\/product\/168","targetHints":{"allow":["GET"]}}],"collection":[{"href":"https:\/\/aubebakehouse.vn\/index.php\/wp-json\/wp\/v2\/product"}],"about":[{"href":"https:\/\/aubebakehouse.vn\/index.php\/wp-json\/wp\/v2\/types\/product"}],"replies":[{"embeddable":true,"href":"https:\/\/aubebakehouse.vn\/index.php\/wp-json\/wp\/v2\/comments?post=168"}],"wp:featuredmedia":[{"embeddable":true,"href":"https:\/\/aubebakehouse.vn\/index.php\/wp-json\/wp\/v2\/media\/169"}],"wp:attachment":[{"href":"https:\/\/aubebakehouse.vn\/index.php\/wp-json\/wp\/v2\/media?parent=168"}],"wp:term":[{"taxonomy":"product_brand","embeddable":true,"href":"https:\/\/aubebakehouse.vn\/index.php\/wp-json\/wp\/v2\/product_brand?post=168"},{"taxonomy":"product_cat","embeddable":true,"href":"https:\/\/aubebakehouse.vn\/index.php\/wp-json\/wp\/v2\/product_cat?post=168"},{"taxonomy":"product_tag","embeddable":true,"href":"https:\/\/aubebakehouse.vn\/index.php\/wp-json\/wp\/v2\/product_tag?post=168"}],"curies":[{"name":"wp","href":"https:\/\/api.w.org\/{rel}","templated":true}]}}