{"id":166,"date":"2025-10-20T07:49:43","date_gmt":"2025-10-20T07:49:43","guid":{"rendered":"https:\/\/aubebakehouse.vn\/?post_type=product&#038;p=166"},"modified":"2025-10-20T07:49:43","modified_gmt":"2025-10-20T07:49:43","slug":"cookie","status":"publish","type":"product","link":"https:\/\/aubebakehouse.vn\/index.php\/product\/cookie\/","title":{"rendered":"Cookie"},"content":{"rendered":"<p>Cookie c\u1ee7a Aube kh\u00f4ng gi\u1ed1ng nh\u1eefng lo\u1ea1i cookie truy\u1ec1n th\u1ed1ng c\u00f3 l\u1edbp v\u1ecf c\u1ee9ng gi\u00f2n. Nh\u1edd s\u1eed d\u1ee5ng men nu\u00f4i t\u1ef1 nhi\u00ean, ru\u1ed9t b\u00e1nh c\u00f3 \u0111\u1ed9 d\u1ebbo m\u1ec1m \u0111\u1eb7c tr\u01b0ng, trong khi ph\u1ea7n v\u1ecf v\u1eabn gi\u1eef \u0111\u01b0\u1ee3c \u0111\u1ed9 gi\u00f2n nh\u1eb9. H\u01b0\u01a1ng v\u1ecb b\u01a1 v\u00e0 v\u1ecb ng\u1ecdt thanh t\u1ea1o n\u00ean chi\u1ebfc cookie v\u1eeba quen v\u1eeba kh\u00e1c, mang d\u1ea5u \u1ea5n ri\u00eang c\u1ee7a Aube.<\/p>\n<p>Aube\u2019s Cookies differ from traditional ones with hard, crunchy shells. Made with natural starter, they have a soft, chewy center while keeping a light crisp on the outside. The gentle sweetness and buttery aroma make them uniquely Aube\u2019s \u2014 familiar yet distinct.<\/p>\n","protected":false},"excerpt":{"rendered":"<p>Order Phone: 0979891591<\/p>\n","protected":false},"featured_media":167,"comment_status":"open","ping_status":"closed","template":"","meta":[],"product_brand":[],"product_cat":[25],"product_tag":[],"class_list":{"0":"post-166","1":"product","2":"type-product","3":"status-publish","4":"has-post-thumbnail","6":"product_cat-banh-ngot","8":"first","9":"instock","10":"shipping-taxable","11":"purchasable","12":"product-type-simple"},"_links":{"self":[{"href":"https:\/\/aubebakehouse.vn\/index.php\/wp-json\/wp\/v2\/product\/166","targetHints":{"allow":["GET"]}}],"collection":[{"href":"https:\/\/aubebakehouse.vn\/index.php\/wp-json\/wp\/v2\/product"}],"about":[{"href":"https:\/\/aubebakehouse.vn\/index.php\/wp-json\/wp\/v2\/types\/product"}],"replies":[{"embeddable":true,"href":"https:\/\/aubebakehouse.vn\/index.php\/wp-json\/wp\/v2\/comments?post=166"}],"wp:featuredmedia":[{"embeddable":true,"href":"https:\/\/aubebakehouse.vn\/index.php\/wp-json\/wp\/v2\/media\/167"}],"wp:attachment":[{"href":"https:\/\/aubebakehouse.vn\/index.php\/wp-json\/wp\/v2\/media?parent=166"}],"wp:term":[{"taxonomy":"product_brand","embeddable":true,"href":"https:\/\/aubebakehouse.vn\/index.php\/wp-json\/wp\/v2\/product_brand?post=166"},{"taxonomy":"product_cat","embeddable":true,"href":"https:\/\/aubebakehouse.vn\/index.php\/wp-json\/wp\/v2\/product_cat?post=166"},{"taxonomy":"product_tag","embeddable":true,"href":"https:\/\/aubebakehouse.vn\/index.php\/wp-json\/wp\/v2\/product_tag?post=166"}],"curies":[{"name":"wp","href":"https:\/\/api.w.org\/{rel}","templated":true}]}}