{"id":162,"date":"2025-10-19T05:00:06","date_gmt":"2025-10-19T05:00:06","guid":{"rendered":"https:\/\/aubebakehouse.vn\/?post_type=product&#038;p=162"},"modified":"2025-10-19T05:00:42","modified_gmt":"2025-10-19T05:00:42","slug":"mousse-chanh-day","status":"publish","type":"product","link":"https:\/\/aubebakehouse.vn\/index.php\/product\/mousse-chanh-day\/","title":{"rendered":"Mousse chanh d\u00e2y"},"content":{"rendered":"<p>Mousse chanh d\u00e2y c\u1ee7a Aube \u0111\u01b0\u1ee3c c\u1ea3 kh\u00e1ch Vi\u1ec7t Nam v\u00e0 qu\u1ed1c t\u1ebf y\u00eau th\u00edch nh\u1edd h\u01b0\u01a1ng v\u1ecb chua ng\u1ecdt h\u00e0i h\u00f2a v\u00e0 k\u1ebft c\u1ea5u nh\u1eb9 m\u1ecbn. V\u1ecb chanh d\u00e2y t\u01b0\u01a1i m\u00e1t, \u0111\u1eb7c tr\u01b0ng c\u1ee7a v\u00f9ng nhi\u1ec7t \u0111\u1edbi \u0110\u00f4ng Nam \u00c1, mang \u0111\u1ebfn c\u1ea3m gi\u00e1c thanh nh\u1eb9 v\u00e0 d\u1ec5 ch\u1ecbu.<\/p>\n<p>Aube\u2019s Passion Fruit Mousse is loved by both local and international guests for its perfectly balanced sweet-and-tart flavor and airy, smooth texture. The fresh, vibrant taste of passion fruit captures the tropical essence of Southeast Asia.<\/p>\n","protected":false},"excerpt":{"rendered":"<p>Order Phone: 0979891591<\/p>\n","protected":false},"featured_media":163,"comment_status":"open","ping_status":"closed","template":"","meta":[],"product_brand":[],"product_cat":[25],"product_tag":[],"class_list":{"0":"post-162","1":"product","2":"type-product","3":"status-publish","4":"has-post-thumbnail","6":"product_cat-banh-ngot","8":"first","9":"instock","10":"shipping-taxable","11":"purchasable","12":"product-type-simple"},"_links":{"self":[{"href":"https:\/\/aubebakehouse.vn\/index.php\/wp-json\/wp\/v2\/product\/162","targetHints":{"allow":["GET"]}}],"collection":[{"href":"https:\/\/aubebakehouse.vn\/index.php\/wp-json\/wp\/v2\/product"}],"about":[{"href":"https:\/\/aubebakehouse.vn\/index.php\/wp-json\/wp\/v2\/types\/product"}],"replies":[{"embeddable":true,"href":"https:\/\/aubebakehouse.vn\/index.php\/wp-json\/wp\/v2\/comments?post=162"}],"wp:featuredmedia":[{"embeddable":true,"href":"https:\/\/aubebakehouse.vn\/index.php\/wp-json\/wp\/v2\/media\/163"}],"wp:attachment":[{"href":"https:\/\/aubebakehouse.vn\/index.php\/wp-json\/wp\/v2\/media?parent=162"}],"wp:term":[{"taxonomy":"product_brand","embeddable":true,"href":"https:\/\/aubebakehouse.vn\/index.php\/wp-json\/wp\/v2\/product_brand?post=162"},{"taxonomy":"product_cat","embeddable":true,"href":"https:\/\/aubebakehouse.vn\/index.php\/wp-json\/wp\/v2\/product_cat?post=162"},{"taxonomy":"product_tag","embeddable":true,"href":"https:\/\/aubebakehouse.vn\/index.php\/wp-json\/wp\/v2\/product_tag?post=162"}],"curies":[{"name":"wp","href":"https:\/\/api.w.org\/{rel}","templated":true}]}}