{"id":160,"date":"2025-10-19T04:54:03","date_gmt":"2025-10-19T04:54:03","guid":{"rendered":"https:\/\/aubebakehouse.vn\/?post_type=product&#038;p=160"},"modified":"2025-10-19T04:54:03","modified_gmt":"2025-10-19T04:54:03","slug":"croissant-cookie","status":"publish","type":"product","link":"https:\/\/aubebakehouse.vn\/index.php\/product\/croissant-cookie\/","title":{"rendered":"Croissant Cookie"},"content":{"rendered":"<p>Croissant Cookie c\u1ee7a Aube l\u00e0 s\u1ef1 k\u1ebft h\u1ee3p gi\u1eefa b\u00e1nh croissant Ph\u00e1p v\u00e0 cookie ki\u1ec3u H\u00e0n \u2013 m\u1ed9t bi\u1ebfn t\u1ea5u m\u1edbi l\u1ea1 nh\u01b0ng \u0111\u1ea7y th\u00fa v\u1ecb. B\u00e1nh c\u00f3 l\u1edbp v\u1ecf croissant gi\u00f2n r\u1ee5m, th\u01a1m m\u00f9i b\u01a1, \u0111\u01b0\u1ee3c ph\u1ee7 th\u00eam l\u1edbp cookie t\u1ea1o \u0111\u1ed9 gi\u00f2n kh\u00e1c bi\u1ec7t. B\u00ean trong, ru\u1ed9t b\u00e1nh v\u1eabn gi\u1eef \u0111\u01b0\u1ee3c \u0111\u1ed9 d\u1ebbo m\u1ec1m \u0111\u1eb7c tr\u01b0ng, t\u1ea1o n\u00ean s\u1ef1 t\u01b0\u01a1ng ph\u1ea3n h\u00e0i h\u00f2a gi\u1eefa gi\u00f2n v\u00e0 m\u1ec1m, gi\u1eefa v\u1ecb b\u01a1 b\u00e9o v\u00e0 ng\u1ecdt nh\u1eb9.<\/p>\n<p>Aube\u2019s Croissant Cookie blends the elegance of a French croissant with the playful crunch of a Korean-style cookie. The golden, buttery layers are wrapped in a crisp cookie crust, adding an extra texture that contrasts beautifully with the soft, chewy interior. Each bite brings together light sweetness, rich butter aroma, and a delightful balance between crispness and tenderness.<\/p>\n","protected":false},"excerpt":{"rendered":"<p>Order Phone: 0979891591<\/p>\n","protected":false},"featured_media":161,"comment_status":"open","ping_status":"closed","template":"","meta":[],"product_brand":[],"product_cat":[24],"product_tag":[],"class_list":{"0":"post-160","1":"product","2":"type-product","3":"status-publish","4":"has-post-thumbnail","6":"product_cat-banh-mi","8":"first","9":"instock","10":"shipping-taxable","11":"purchasable","12":"product-type-simple"},"_links":{"self":[{"href":"https:\/\/aubebakehouse.vn\/index.php\/wp-json\/wp\/v2\/product\/160","targetHints":{"allow":["GET"]}}],"collection":[{"href":"https:\/\/aubebakehouse.vn\/index.php\/wp-json\/wp\/v2\/product"}],"about":[{"href":"https:\/\/aubebakehouse.vn\/index.php\/wp-json\/wp\/v2\/types\/product"}],"replies":[{"embeddable":true,"href":"https:\/\/aubebakehouse.vn\/index.php\/wp-json\/wp\/v2\/comments?post=160"}],"wp:featuredmedia":[{"embeddable":true,"href":"https:\/\/aubebakehouse.vn\/index.php\/wp-json\/wp\/v2\/media\/161"}],"wp:attachment":[{"href":"https:\/\/aubebakehouse.vn\/index.php\/wp-json\/wp\/v2\/media?parent=160"}],"wp:term":[{"taxonomy":"product_brand","embeddable":true,"href":"https:\/\/aubebakehouse.vn\/index.php\/wp-json\/wp\/v2\/product_brand?post=160"},{"taxonomy":"product_cat","embeddable":true,"href":"https:\/\/aubebakehouse.vn\/index.php\/wp-json\/wp\/v2\/product_cat?post=160"},{"taxonomy":"product_tag","embeddable":true,"href":"https:\/\/aubebakehouse.vn\/index.php\/wp-json\/wp\/v2\/product_tag?post=160"}],"curies":[{"name":"wp","href":"https:\/\/api.w.org\/{rel}","templated":true}]}}