{"id":149,"date":"2025-10-19T04:31:02","date_gmt":"2025-10-19T04:31:02","guid":{"rendered":"https:\/\/aubebakehouse.vn\/?post_type=product&#038;p=149"},"modified":"2025-10-20T17:01:00","modified_gmt":"2025-10-20T17:01:00","slug":"banana-bread","status":"publish","type":"product","link":"https:\/\/aubebakehouse.vn\/index.php\/product\/banana-bread\/","title":{"rendered":"Banana Bread (Slices)"},"content":{"rendered":"<p>B\u00e1nh chu\u1ed1i Aube \u0111\u01b0\u1ee3c l\u00e0m t\u1eeb men t\u1ef1 nhi\u00ean, d\u00f9ng \u0111\u01b0\u1eddng n\u00e2u \u0111\u1ec3 t\u1ea1o v\u1ecb ng\u1ecdt \u0111\u1eb1m v\u00e0 h\u01b0\u01a1ng th\u01a1m m\u1eadt \u0111\u1eb7c tr\u01b0ng. M\u1ec1m \u1ea9m, thanh v\u00e0 m\u1ed9c m\u1ea1c \u2014 chi\u1ebfc b\u00e1nh gi\u1ea3n d\u1ecb nh\u01b0ng gi\u00e0u h\u01b0\u01a1ng v\u1ecb.<\/p>\n<p>Aube\u2019s Banana Bread is naturally made with wild yeast and sweetened with brown sugar for a deep, honey-like aroma. Moist, subtle, and wholesome \u2014 simple comfort in every slice.<\/p>\n","protected":false},"excerpt":{"rendered":"<p>Order Phone: 0979891591<\/p>\n","protected":false},"featured_media":151,"comment_status":"open","ping_status":"closed","template":"","meta":[],"product_brand":[],"product_cat":[25],"product_tag":[],"class_list":{"0":"post-149","1":"product","2":"type-product","3":"status-publish","4":"has-post-thumbnail","6":"product_cat-banh-ngot","8":"first","9":"instock","10":"shipping-taxable","11":"purchasable","12":"product-type-simple"},"_links":{"self":[{"href":"https:\/\/aubebakehouse.vn\/index.php\/wp-json\/wp\/v2\/product\/149","targetHints":{"allow":["GET"]}}],"collection":[{"href":"https:\/\/aubebakehouse.vn\/index.php\/wp-json\/wp\/v2\/product"}],"about":[{"href":"https:\/\/aubebakehouse.vn\/index.php\/wp-json\/wp\/v2\/types\/product"}],"replies":[{"embeddable":true,"href":"https:\/\/aubebakehouse.vn\/index.php\/wp-json\/wp\/v2\/comments?post=149"}],"wp:featuredmedia":[{"embeddable":true,"href":"https:\/\/aubebakehouse.vn\/index.php\/wp-json\/wp\/v2\/media\/151"}],"wp:attachment":[{"href":"https:\/\/aubebakehouse.vn\/index.php\/wp-json\/wp\/v2\/media?parent=149"}],"wp:term":[{"taxonomy":"product_brand","embeddable":true,"href":"https:\/\/aubebakehouse.vn\/index.php\/wp-json\/wp\/v2\/product_brand?post=149"},{"taxonomy":"product_cat","embeddable":true,"href":"https:\/\/aubebakehouse.vn\/index.php\/wp-json\/wp\/v2\/product_cat?post=149"},{"taxonomy":"product_tag","embeddable":true,"href":"https:\/\/aubebakehouse.vn\/index.php\/wp-json\/wp\/v2\/product_tag?post=149"}],"curies":[{"name":"wp","href":"https:\/\/api.w.org\/{rel}","templated":true}]}}