{"id":133,"date":"2025-10-18T15:51:31","date_gmt":"2025-10-18T15:51:31","guid":{"rendered":"https:\/\/aubebakehouse.vn\/?post_type=product&#038;p=133"},"modified":"2025-10-19T04:02:52","modified_gmt":"2025-10-19T04:02:52","slug":"chausson-aux-pommes","status":"publish","type":"product","link":"https:\/\/aubebakehouse.vn\/index.php\/product\/chausson-aux-pommes\/","title":{"rendered":"Chausson aux pommes"},"content":{"rendered":"<p>V\u1ecf b\u00e1nh n\u01b0\u1edbng v\u00e0ng gi\u00f2n, \u00f4m tr\u1ecdn l\u1edbp nh\u00e2n t\u00e1o n\u1ea5u c\u00f9ng b\u1ed9t qu\u1ebf t\u1ef1 l\u00e0m t\u1ea1i Aube. H\u01b0\u01a1ng t\u00e1o chua ng\u1ecdt lan nh\u1eb9, g\u1ee3i c\u1ea3m gi\u00e1c m\u00f9a thu n\u01b0\u1edbc Ph\u00e1p.<\/p>\n<p>Golden puff pastry filled with homemade apple compote and a touch of cinnamon. Lightly tangy and aromatic \u2014 a comforting taste of autumn in France.<\/p>\n","protected":false},"excerpt":{"rendered":"<p>Order Phone: 0979891591<\/p>\n","protected":false},"featured_media":134,"comment_status":"open","ping_status":"closed","template":"","meta":[],"product_brand":[],"product_cat":[24],"product_tag":[],"class_list":{"0":"post-133","1":"product","2":"type-product","3":"status-publish","4":"has-post-thumbnail","6":"product_cat-banh-mi","8":"first","9":"instock","10":"shipping-taxable","11":"purchasable","12":"product-type-simple"},"_links":{"self":[{"href":"https:\/\/aubebakehouse.vn\/index.php\/wp-json\/wp\/v2\/product\/133","targetHints":{"allow":["GET"]}}],"collection":[{"href":"https:\/\/aubebakehouse.vn\/index.php\/wp-json\/wp\/v2\/product"}],"about":[{"href":"https:\/\/aubebakehouse.vn\/index.php\/wp-json\/wp\/v2\/types\/product"}],"replies":[{"embeddable":true,"href":"https:\/\/aubebakehouse.vn\/index.php\/wp-json\/wp\/v2\/comments?post=133"}],"wp:featuredmedia":[{"embeddable":true,"href":"https:\/\/aubebakehouse.vn\/index.php\/wp-json\/wp\/v2\/media\/134"}],"wp:attachment":[{"href":"https:\/\/aubebakehouse.vn\/index.php\/wp-json\/wp\/v2\/media?parent=133"}],"wp:term":[{"taxonomy":"product_brand","embeddable":true,"href":"https:\/\/aubebakehouse.vn\/index.php\/wp-json\/wp\/v2\/product_brand?post=133"},{"taxonomy":"product_cat","embeddable":true,"href":"https:\/\/aubebakehouse.vn\/index.php\/wp-json\/wp\/v2\/product_cat?post=133"},{"taxonomy":"product_tag","embeddable":true,"href":"https:\/\/aubebakehouse.vn\/index.php\/wp-json\/wp\/v2\/product_tag?post=133"}],"curies":[{"name":"wp","href":"https:\/\/api.w.org\/{rel}","templated":true}]}}