{"id":131,"date":"2025-10-18T15:49:22","date_gmt":"2025-10-18T15:49:22","guid":{"rendered":"https:\/\/aubebakehouse.vn\/?post_type=product&#038;p=131"},"modified":"2025-10-19T04:02:11","modified_gmt":"2025-10-19T04:02:11","slug":"pain-suisse","status":"publish","type":"product","link":"https:\/\/aubebakehouse.vn\/index.php\/product\/pain-suisse\/","title":{"rendered":"Pain Suisse"},"content":{"rendered":"<p>B\u00e1nh ng\u00e0n l\u1edbp t\u1eeb b\u01a1 Ph\u00e1p, nh\u00e2n kem h\u1ea1nh nh\u00e2n v\u00e0 chocolate nguy\u00ean ch\u1ea5t, mang v\u1ecb ng\u1ecdt d\u1ecbu v\u00e0 h\u1eadu v\u1ecb b\u01a1 th\u01a1m \u0111\u1eb7c tr\u01b0ng.<\/p>\n<p>French puff pastry layered with almond cream and pure chocolate. Smooth, buttery, and subtly sweet for a refined morning treat.<\/p>\n","protected":false},"excerpt":{"rendered":"<p>Order Phone: 0979891591<\/p>\n","protected":false},"featured_media":132,"comment_status":"open","ping_status":"closed","template":"","meta":[],"product_brand":[],"product_cat":[24],"product_tag":[],"class_list":{"0":"post-131","1":"product","2":"type-product","3":"status-publish","4":"has-post-thumbnail","6":"product_cat-banh-mi","8":"first","9":"instock","10":"shipping-taxable","11":"purchasable","12":"product-type-simple"},"_links":{"self":[{"href":"https:\/\/aubebakehouse.vn\/index.php\/wp-json\/wp\/v2\/product\/131","targetHints":{"allow":["GET"]}}],"collection":[{"href":"https:\/\/aubebakehouse.vn\/index.php\/wp-json\/wp\/v2\/product"}],"about":[{"href":"https:\/\/aubebakehouse.vn\/index.php\/wp-json\/wp\/v2\/types\/product"}],"replies":[{"embeddable":true,"href":"https:\/\/aubebakehouse.vn\/index.php\/wp-json\/wp\/v2\/comments?post=131"}],"wp:featuredmedia":[{"embeddable":true,"href":"https:\/\/aubebakehouse.vn\/index.php\/wp-json\/wp\/v2\/media\/132"}],"wp:attachment":[{"href":"https:\/\/aubebakehouse.vn\/index.php\/wp-json\/wp\/v2\/media?parent=131"}],"wp:term":[{"taxonomy":"product_brand","embeddable":true,"href":"https:\/\/aubebakehouse.vn\/index.php\/wp-json\/wp\/v2\/product_brand?post=131"},{"taxonomy":"product_cat","embeddable":true,"href":"https:\/\/aubebakehouse.vn\/index.php\/wp-json\/wp\/v2\/product_cat?post=131"},{"taxonomy":"product_tag","embeddable":true,"href":"https:\/\/aubebakehouse.vn\/index.php\/wp-json\/wp\/v2\/product_tag?post=131"}],"curies":[{"name":"wp","href":"https:\/\/api.w.org\/{rel}","templated":true}]}}