{"id":130,"date":"2025-10-18T15:47:58","date_gmt":"2025-10-18T15:47:58","guid":{"rendered":"https:\/\/aubebakehouse.vn\/?post_type=product&#038;p=130"},"modified":"2025-10-19T03:58:40","modified_gmt":"2025-10-19T03:58:40","slug":"chocolatine","status":"publish","type":"product","link":"https:\/\/aubebakehouse.vn\/index.php\/product\/chocolatine\/","title":{"rendered":"Chocolatine"},"content":{"rendered":"<p>L\u1edbp v\u1ecf ng\u00e0n t\u1ea7ng n\u01b0\u1edbng v\u00e0ng quy\u1ec7n c\u00f9ng nh\u00e2n chocolate \u0111en \u0111\u1eadm v\u1ecb, t\u1ea1o n\u00ean s\u1ef1 c\u00e2n b\u1eb1ng gi\u1eefa gi\u00f2n tan v\u00e0 ng\u1ecdt \u0111\u1eafng tinh t\u1ebf.<\/p>\n<p>Flaky puff pastry enveloping a rich dark chocolate filling \u2014 the perfect harmony of crisp texture and bittersweet indulgence.<\/p>\n","protected":false},"excerpt":{"rendered":"<p>Order Phone: 0979891591<\/p>\n","protected":false},"featured_media":25,"comment_status":"open","ping_status":"closed","template":"","meta":[],"product_brand":[],"product_cat":[24],"product_tag":[],"class_list":{"0":"post-130","1":"product","2":"type-product","3":"status-publish","4":"has-post-thumbnail","6":"product_cat-banh-mi","8":"first","9":"instock","10":"shipping-taxable","11":"purchasable","12":"product-type-simple"},"_links":{"self":[{"href":"https:\/\/aubebakehouse.vn\/index.php\/wp-json\/wp\/v2\/product\/130","targetHints":{"allow":["GET"]}}],"collection":[{"href":"https:\/\/aubebakehouse.vn\/index.php\/wp-json\/wp\/v2\/product"}],"about":[{"href":"https:\/\/aubebakehouse.vn\/index.php\/wp-json\/wp\/v2\/types\/product"}],"replies":[{"embeddable":true,"href":"https:\/\/aubebakehouse.vn\/index.php\/wp-json\/wp\/v2\/comments?post=130"}],"wp:featuredmedia":[{"embeddable":true,"href":"https:\/\/aubebakehouse.vn\/index.php\/wp-json\/wp\/v2\/media\/25"}],"wp:attachment":[{"href":"https:\/\/aubebakehouse.vn\/index.php\/wp-json\/wp\/v2\/media?parent=130"}],"wp:term":[{"taxonomy":"product_brand","embeddable":true,"href":"https:\/\/aubebakehouse.vn\/index.php\/wp-json\/wp\/v2\/product_brand?post=130"},{"taxonomy":"product_cat","embeddable":true,"href":"https:\/\/aubebakehouse.vn\/index.php\/wp-json\/wp\/v2\/product_cat?post=130"},{"taxonomy":"product_tag","embeddable":true,"href":"https:\/\/aubebakehouse.vn\/index.php\/wp-json\/wp\/v2\/product_tag?post=130"}],"curies":[{"name":"wp","href":"https:\/\/api.w.org\/{rel}","templated":true}]}}